{"id":1269,"date":"2021-01-19T09:23:37","date_gmt":"2021-09-21T08:51:45","guid":{"rendered":"https:\/\/www.terralamprat.ch\/produkt\/huile-de-colza-premium-pressee-a-froid-bouteille-de-25-cl-50-c\/"},"modified":"2026-04-16T18:45:33","modified_gmt":"2026-04-16T16:45:33","slug":"huile-de-colza-premium-pressee-a-froid-bouteille-de-25-cl-50-c","status":"publish","type":"product","link":"https:\/\/www.terralamprat.ch\/fr\/produkt\/huile-de-colza-premium-pressee-a-froid-bouteille-de-25-cl-50-c\/","title":{"rendered":"Huile de colza premium press\u00e9e \u00e0 froid bouteille de 25 cl &amp; 50 c"},"content":{"rendered":"\r\n\r\n\r\n\r\n\r\n<p><span style=\"font-family: Arial, Helvetica, sans-serif; color: #7f7f7f;\"> <span style=\"font-size: 20px;\">L&rsquo;huile de colza premium press\u00e9e \u00e0 froid de TerraLamprat contient les acides gras om\u00e9ga-3 et om\u00e9ga-6, importants pour une alimentation \u00e9quilibr\u00e9e, dans le rapport id\u00e9al de 1:2, ainsi qu&rsquo;une grande quantit\u00e9 de pr\u00e9cieuses vitamines E, d&rsquo;antioxydants, d&rsquo;oligo-\u00e9l\u00e9ments et de min\u00e9raux.\u00a0<\/span><\/span><\/p>\r\n<p><span style=\"font-family: Arial, Helvetica, sans-serif;\"><span style=\"font-size: 20px; color: #7f7f7f;\">L&rsquo;huile de colza vierge de TerraLamprat convient aussi bien \u00e0 la cuisine froide que chaude (point de fum\u00e9e \u00e0 206 degr\u00e9s Celsius). Gr\u00e2ce \u00e0 la pression \u00e0 froid, l&rsquo;huile conserve son or brillant et un fort ar\u00f4me de noix. Il conserve ces excellentes et pr\u00e9cieuses propri\u00e9t\u00e9s di\u00e9t\u00e9tiques pendant plusieurs mois dans une bouteille ouverte. La pr\u00e9cieuse huile de colza de TerraLamprat se conserve de pr\u00e9f\u00e9rence dans un endroit frais et \u00e0 l&rsquo;abri de la lumi\u00e8re.<\/span><\/span><\/p>\r\n<p>&nbsp;<\/p>\r\n<p><strong>Tableau nutritionnel<\/strong><\/p>\r\n<p><a href=\"https:\/\/www.terralamprat.ch\/wp-content\/uploads\/2021\/01\/Naehrwerttabelle_Rapsoel_Terralamprat-300x208.jpg\" target=\"_blank\" rel=\"noopener\"><img loading=\"lazy\" decoding=\"async\" class=\"alignnone wp-image-1679 size-medium\" src=\"https:\/\/www.terralamprat.ch\/wp-content\/uploads\/2021\/01\/Naehrwerttabelle_Rapsoel_Terralamprat-300x208.jpg\" alt=\"\" width=\"300\" height=\"208\" srcset=\"https:\/\/www.terralamprat.ch\/wp-content\/uploads\/2021\/01\/Naehrwerttabelle_Rapsoel_Terralamprat-300x208.jpg 300w, https:\/\/www.terralamprat.ch\/wp-content\/uploads\/2021\/01\/Naehrwerttabelle_Rapsoel_Terralamprat-768x533.jpg 768w, https:\/\/www.terralamprat.ch\/wp-content\/uploads\/2021\/01\/Naehrwerttabelle_Rapsoel_Terralamprat-700x486.jpg 700w, https:\/\/www.terralamprat.ch\/wp-content\/uploads\/2021\/01\/Naehrwerttabelle_Rapsoel_Terralamprat.jpg 971w\" sizes=\"auto, (max-width: 300px) 100vw, 300px\" \/><\/a><\/p>\r\n\r\n<p>&nbsp;<\/p>","protected":false},"excerpt":{"rendered":"<p><strong>L&rsquo;huile de colza pr\u00e9mium press\u00e9e \u00e0 froid de TerraLamprat <\/strong>contient <strong>les acides gras om\u00e9ga-3 et om\u00e9ga-6<\/strong> qui sont importants pour une alimentation \u00e9quilibr\u00e9e, ainsi qu&rsquo;une grande quantit\u00e9 de pr\u00e9cieuses <strong>vitamines E, d&rsquo;antioxydants, d&rsquo;oligo-\u00e9l\u00e9ments et de min\u00e9raux.<\/strong> L&rsquo;huile de colza vierge de TerraLamprat convient aussi bien <strong>\u00e0 la cuisine froide que chaude<\/strong>, soucieuse de la sant\u00e9. Gr\u00e2ce \u00e0 la pression \u00e0 froid, l&rsquo;huile conserve son or brillant et un ar\u00f4me puissant.<\/p>\n","protected":false},"featured_media":1094,"comment_status":"open","ping_status":"closed","template":"","meta":{"pagelayer_contact_templates":[],"_pagelayer_content":"","wprm-recipe-roundup-name":"","wprm-recipe-roundup-description":""},"product_brand":[],"product_cat":[90],"product_tag":[93,91,92],"class_list":{"0":"post-1269","1":"product","2":"type-product","3":"status-publish","4":"has-post-thumbnail","6":"product_cat-huile-de-colza","7":"product_tag-huile","8":"product_tag-huile-de-colza","9":"product_tag-terralamprat-fr","11":"first","12":"instock","13":"taxable","14":"shipping-taxable","15":"purchasable","16":"product-type-variable"},"_links":{"self":[{"href":"https:\/\/www.terralamprat.ch\/fr\/wp-json\/wp\/v2\/product\/1269","targetHints":{"allow":["GET"]}}],"collection":[{"href":"https:\/\/www.terralamprat.ch\/fr\/wp-json\/wp\/v2\/product"}],"about":[{"href":"https:\/\/www.terralamprat.ch\/fr\/wp-json\/wp\/v2\/types\/product"}],"replies":[{"embeddable":true,"href":"https:\/\/www.terralamprat.ch\/fr\/wp-json\/wp\/v2\/comments?post=1269"}],"wp:featuredmedia":[{"embeddable":true,"href":"https:\/\/www.terralamprat.ch\/fr\/wp-json\/wp\/v2\/media\/1094"}],"wp:attachment":[{"href":"https:\/\/www.terralamprat.ch\/fr\/wp-json\/wp\/v2\/media?parent=1269"}],"wp:term":[{"taxonomy":"product_brand","embeddable":true,"href":"https:\/\/www.terralamprat.ch\/fr\/wp-json\/wp\/v2\/product_brand?post=1269"},{"taxonomy":"product_cat","embeddable":true,"href":"https:\/\/www.terralamprat.ch\/fr\/wp-json\/wp\/v2\/product_cat?post=1269"},{"taxonomy":"product_tag","embeddable":true,"href":"https:\/\/www.terralamprat.ch\/fr\/wp-json\/wp\/v2\/product_tag?post=1269"}],"curies":[{"name":"wp","href":"https:\/\/api.w.org\/{rel}","templated":true}]}}