{"id":1261,"date":"2021-01-19T10:53:05","date_gmt":"2021-01-19T09:53:05","guid":{"rendered":"https:\/\/www.terralamprat.ch\/produkt\/grainesdecolza-250-g\/"},"modified":"2025-10-14T13:24:20","modified_gmt":"2025-10-14T11:24:20","slug":"grainesdecolza","status":"publish","type":"product","link":"https:\/\/www.terralamprat.ch\/fr\/produkt\/grainesdecolza\/","title":{"rendered":"Graines de colza : poids au choix"},"content":{"rendered":"\r\n\r\n\r\n\r\n\r\n<p><span style=\"color: #7f7f7f;\"> Les graines de colza TerraLamprat proviennent de notre propre culture et r\u00e9colte. Fin juillet, les premi\u00e8res gousses de colza \u00e9clatent. Les gousses sont devenues brunes et les graines sont noires. Une moissonneuse-batteuse parcourt les champs et r\u00e9colte les pr\u00e9cieuses graines. Une moissonneuse-batteuse parcourt les champs et r\u00e9colte les pr\u00e9cieuses graines. Apr\u00e8s la r\u00e9colte, Beat Gauch stocke et nettoie les graines dans sa ferme. Les graines sont ensuite transform\u00e9es en huile ou conditionn\u00e9es \u00e0 la main dans des sacs. Les graines peuvent \u00eatre consomm\u00e9es telles quelles ou grill\u00e9es. Il existe de nombreuses recettes \u00e0 base de graines de colza. Ils conviennent par exemple pour les salades, les omelettes au colza ou les pains aux graines de colza. <\/span><\/p>\r\n\r\n<p>&nbsp;<\/p>","protected":false},"excerpt":{"rendered":"<p>Les graines de colza TerraLamprat proviennent de notre propre culture et r\u00e9colte. Les graines peuvent \u00eatre consomm\u00e9es telles quelles ou grill\u00e9es. Il existe de nombreuses recettes \u00e0 base de graines de colza. Ces pr\u00e9cieuses graines peuvent \u00eatre utilis\u00e9es dans des salades, des omelettes ou du pain aux graines de colza, par exemple. Il permet \u00e9galement de fabriquer des coussins chauffants ou des bains au colza aux vertus bienfaisantes.<\/p>\n<p>150 g en bocal<\/p>\n<p>&gt; 500 g en sachet<\/p>\n","protected":false},"featured_media":1250,"comment_status":"open","ping_status":"closed","template":"","meta":{"pagelayer_contact_templates":[],"_pagelayer_content":"","wprm-recipe-roundup-name":"","wprm-recipe-roundup-description":""},"product_brand":[],"product_cat":[89],"product_tag":[115,113,114,116],"class_list":{"0":"post-1261","1":"product","2":"type-product","3":"status-publish","4":"has-post-thumbnail","6":"product_cat-graines-de-colza","7":"product_tag-bain-au-colza","8":"product_tag-coussins-au-colza","9":"product_tag-coussins-chauffants-au-colza","10":"product_tag-graines-de-colza","12":"first","13":"instock","14":"taxable","15":"shipping-taxable","16":"purchasable","17":"product-type-variable","18":"has-default-attributes"},"_links":{"self":[{"href":"https:\/\/www.terralamprat.ch\/fr\/wp-json\/wp\/v2\/product\/1261","targetHints":{"allow":["GET"]}}],"collection":[{"href":"https:\/\/www.terralamprat.ch\/fr\/wp-json\/wp\/v2\/product"}],"about":[{"href":"https:\/\/www.terralamprat.ch\/fr\/wp-json\/wp\/v2\/types\/product"}],"replies":[{"embeddable":true,"href":"https:\/\/www.terralamprat.ch\/fr\/wp-json\/wp\/v2\/comments?post=1261"}],"wp:featuredmedia":[{"embeddable":true,"href":"https:\/\/www.terralamprat.ch\/fr\/wp-json\/wp\/v2\/media\/1250"}],"wp:attachment":[{"href":"https:\/\/www.terralamprat.ch\/fr\/wp-json\/wp\/v2\/media?parent=1261"}],"wp:term":[{"taxonomy":"product_brand","embeddable":true,"href":"https:\/\/www.terralamprat.ch\/fr\/wp-json\/wp\/v2\/product_brand?post=1261"},{"taxonomy":"product_cat","embeddable":true,"href":"https:\/\/www.terralamprat.ch\/fr\/wp-json\/wp\/v2\/product_cat?post=1261"},{"taxonomy":"product_tag","embeddable":true,"href":"https:\/\/www.terralamprat.ch\/fr\/wp-json\/wp\/v2\/product_tag?post=1261"}],"curies":[{"name":"wp","href":"https:\/\/api.w.org\/{rel}","templated":true}]}}