{"id":1205,"date":"2021-07-26T13:32:31","date_gmt":"2021-07-26T11:32:31","guid":{"rendered":"https:\/\/www.terralamprat.ch\/home\/"},"modified":"2022-01-31T13:35:24","modified_gmt":"2022-01-31T12:35:24","slug":"home","status":"publish","type":"page","link":"https:\/\/www.terralamprat.ch\/fr\/","title":{"rendered":"Home"},"content":{"rendered":"\r\n\r\n\r\n\r\n\r\n<h3 class=\"trashhand\">TerraLamprat<\/h3>\r\n<h3 style=\"font-style: normal; font-variant-ligatures: normal; font-variant-caps: normal; text-decoration-style: initial;\">HUILE DE COLZA &#8211; UN TR\u00c9SOR DOR\u00c9<\/h3><h3><div style=\"font-style: normal; font-variant-ligatures: normal; font-variant-caps: normal; text-decoration-style: initial;\">DE PREMI\u00c8RE QUALIT\u00c9<\/div><\/h3>\r\n\r\n\r\n\r\n\r\n\r\n\r\n<span style=\"color: rgb(0, 0, 0); font-family: Arial, Helvetica, sans-serif; text-align: center;\"><span style=\"line-height: 1.5;\"><\/span><\/span><p><span style=\"color: rgb(0, 0, 0); font-family: Arial, Helvetica, sans-serif; font-size: 16px; font-style: normal; font-variant-ligatures: normal; font-variant-caps: normal; font-weight: 400;\">Sous le soleil fribourgeois le colza pousse dans les champs de la ferme Lamprat \u00e0 Tavel. Les plantes absorbent de nombreux min\u00e9raux et nutriments du terroir singinois.&nbsp;<\/span><br><\/p><p><span style=\"color: rgb(0, 0, 0); font-family: Arial, Helvetica, sans-serif; font-size: 16px; font-style: normal; font-variant-ligatures: normal; font-variant-caps: normal; font-weight: 400;\"><br><\/span><\/p>\r\n\r\n\r\n<p style=\"font-style: normal; font-variant-ligatures: normal; font-variant-caps: normal; font-weight: 400; font-size: 16px; font-family: Cabin; overflow-wrap: break-word;\"><span style=\"font-size: 16px; line-height: 1.5; font-family: Arial, Helvetica, sans-serif; overflow-wrap: break-word; color: rgb(0, 0, 0);\">Sant\u00e9 pure &#8211; Vierge, press\u00e9e \u00e0 froid et non filtr\u00e9e.<\/span><\/p><p style=\"font-style: normal; font-variant-ligatures: normal; font-variant-caps: normal; font-weight: 400; font-size: 16px; font-family: Cabin; overflow-wrap: break-word;\"><span style=\"font-size: 16px; line-height: 1.5; font-family: Arial, Helvetica, sans-serif; overflow-wrap: break-word; color: rgb(0, 0, 0);\">Riche en vitamine E naturelle, en min\u00e9raux et en importants acides gras om\u00e9ga-3 et om\u00e9ga-6.<\/span><\/p><p style=\"font-style: normal; font-variant-ligatures: normal; font-variant-caps: normal; font-weight: 400; font-size: 16px; font-family: Cabin; overflow-wrap: break-word;\"><span style=\"font-size: 16px; line-height: 1.5; font-family: Arial, Helvetica, sans-serif; overflow-wrap: break-word; color: rgb(0, 0, 0);\"><br><\/span><\/p>\r\n\r\n\r\n<p style=\"font-style: normal; font-variant-ligatures: normal; font-variant-caps: normal; font-weight: 400; font-size: 16px; font-family: Cabin; overflow-wrap: break-word;\"><span style=\"font-size: 16px; line-height: 1.5; font-family: Arial, Helvetica, sans-serif; overflow-wrap: break-word; color: rgb(0, 0, 0);\">La ferme Lamprat est g\u00e9r\u00e9e par Beat Gauch, en quatri\u00e8me g\u00e9n\u00e9ration, et re\u00e7oit donc sa touche personnelle.<\/span><\/p><p style=\"font-style: normal; font-variant-ligatures: normal; font-variant-caps: normal; font-weight: 400; font-size: 16px; font-family: Cabin; overflow-wrap: break-word;\">&nbsp;<\/p><p><br><\/p>\r\n\r\n\r\n\r\n\r\n\r\n<h2 style=\"box-sizing: border-box; color: rgb(62, 47, 52); margin: 0px; padding: 0px; border: 0px; font-style: inherit; font-variant: inherit; font-weight: 700 !important; font-stretch: inherit; font-size: 35px !important; line-height: 1.1; font-family: Cabin !important; vertical-align: baseline; overflow-wrap: break-word; text-decoration-style: solid !important; text-transform: uppercase !important; letter-spacing: 5px !important;\">HUILE DE COLZA PRESS\u00c9E \u00c0 FROID &#8211; SAINE ET RAFFIN\u00c9E<\/h2>\r\n\r\n<p style=\"margin-bottom: 25px; font-style: normal; font-variant-ligatures: normal; font-variant-caps: normal; font-weight: 400; font-size: 16px; font-family: Cabin; text-align: center; text-rendering: optimizelegibility;\"><span style=\"font-family: Arial, Helvetica, sans-serif;\">En tant qu&rsquo;agriculteur exp\u00e9riment\u00e9, \u00e9tabli \u00e0 Lamprat dans la commune de Tavel, je cherche toujours \u00e0 am\u00e9liorer les produits tir\u00e9s de notre terre. A la ferme Lamprat, je cultive du colza. Apr\u00e8s la r\u00e9colte, je le s\u00e8che, le stocke et le nettoie dans ma ferme. Surtout le stockage de la r\u00e9colte, souvent sous-estim\u00e9, auquel j&rsquo;accorde le plus grand soin, car il est indispensable \u00e0 la qualit\u00e9 de mon huile TerraLamprat.<\/span><\/p><p style=\"margin-bottom: 25px; font-style: normal; font-variant-ligatures: normal; font-variant-caps: normal; font-weight: 400; font-size: 16px; font-family: Cabin; text-align: center; text-rendering: optimizelegibility;\"><span style=\"font-family: Arial, Helvetica, sans-serif;\">L&rsquo;huile de colza de qualit\u00e9 sup\u00e9rieure press\u00e9e \u00e0 froid contient les acides gras om\u00e9ga-3 et om\u00e9ga-6 qui sont importants pour une alimentation \u00e9quilibr\u00e9e, ainsi qu&rsquo;une grande quantit\u00e9 de pr\u00e9cieuses vitamines E, d&rsquo;antioxydants, d&rsquo;oligo-\u00e9l\u00e9ments et de min\u00e9raux.<\/span><\/p><p style=\"margin-bottom: 25px; font-style: normal; font-variant-ligatures: normal; font-variant-caps: normal; font-weight: 400; font-size: 16px; font-family: Cabin; text-align: center; text-rendering: optimizelegibility;\"><span style=\"font-family: Arial, Helvetica, sans-serif;\">L&rsquo;huile de colza convient aussi bien \u00e0 la cuisine froide que chaude, soucieuse de la sant\u00e9. Gr\u00e2ce \u00e0 la pression \u00e0 froid, l&rsquo;huile conserve son or brillant et un ar\u00f4me de noix prononc\u00e9.<\/span><\/p>\r\n\r\n\r\n\r\n\r\n\r\n<span style=\"font-style: normal; font-variant-ligatures: normal; font-variant-caps: normal; text-decoration-style: initial;\">NOS PRODUITS<\/span>\r\n\r\n\r\n\r\n\r\n\r\n\r\n\r\n\r\n\r\n\r\n\r\n\r\n<h2 style=\"font-style: normal; font-variant-ligatures: normal; font-variant-caps: normal; text-decoration-style: initial;\">LA PLANTE DE COLZA ET SES PROPRI\u00c9T\u00c9S<\/h2>\r\n\r\n\r\n\r\n\r\n\r\n\r\n<p><span style=\"color: rgb(127, 127, 127); font-family: Cabin; font-size: 16px; font-style: normal; font-variant-ligatures: normal; font-variant-caps: normal; font-weight: 400;\">Gr\u00e2ce \u00e0 l&rsquo;ensoleillement fribourgeois, au climat pr\u00e9-alpin et au terroir de la Singine, l&rsquo;huile de colza TerraLamprat est riche en vitamine E naturelle, en acides gras om\u00e9ga, en min\u00e9raux et autres nutriments.<\/span><br><\/p>\r\n\r\n\r\n\r\n\r\n\r\n\r\n\r\n\r\n\r\n\r\n\r\n\r\n\r\n<p><span style=\"color: rgb(127, 127, 127); font-family: Cabin; font-size: 16px; font-style: normal; font-variant-ligatures: normal; font-variant-caps: normal; font-weight: 400;\">De la graine \u00e0 l&rsquo;huile, tout est fait \u00e0 la main \u00e0 la ferme Lamprat. Beat soigne ses plantes avec beaucoup de passion et presse l&rsquo;huile pr\u00e9cieuse des graines de colza avec sa propre presse.<\/span><br><\/p>\r\n\r\n\r\n\r\n\r\n\r\n\r\n\r\n\r\n<h2 style=\"box-sizing: border-box; color: rgb(62, 47, 52); margin: 0px; padding: 0px; border: 0px; font-style: inherit; font-variant: inherit; font-weight: 700 !important; font-stretch: inherit; font-size: 35px !important; line-height: 1.1; font-family: Cabin !important; vertical-align: baseline; overflow-wrap: break-word; text-decoration-style: solid !important; text-transform: uppercase !important; letter-spacing: 5px !important;\">POSTES SUR INSTAGRAM<\/h2>\r\n\r\n\n<div id=\"sb_instagram\"  class=\"sbi sbi_mob_col_1 sbi_tab_col_2 sbi_col_4\" style=\"padding-bottom: 10px; width: 100%;\"\t data-feedid=\"*1\"  data-res=\"auto\" data-cols=\"4\" data-colsmobile=\"1\" data-colstablet=\"2\" data-num=\"20\" data-nummobile=\"\" data-item-padding=\"5\"\t data-shortcode-atts=\"{}\"  data-postid=\"1205\" data-locatornonce=\"88727c62fd\" data-imageaspectratio=\"1:1\" data-sbi-flags=\"favorLocal\">\n\t\n\t<div id=\"sbi_images\"  style=\"gap: 10px;\">\n\t\t\t<\/div>\n\n\t<div id=\"sbi_load\" >\n\n\t\n\t\n<\/div>\n\t\t<span class=\"sbi_resized_image_data\" data-feed-id=\"*1\"\n\t\t  data-resized=\"[]\">\n\t<\/span>\n\t<\/div>\n\n\r\n\r\n\r\n","protected":false},"excerpt":{"rendered":"","protected":false},"author":2,"featured_media":0,"parent":0,"menu_order":0,"comment_status":"closed","ping_status":"closed","template":"","meta":{"pagelayer_contact_templates":[],"_pagelayer_content":"","wprm-recipe-roundup-name":"","wprm-recipe-roundup-description":"","footnotes":""},"class_list":["post-1205","page","type-page","status-publish","hentry"],"_links":{"self":[{"href":"https:\/\/www.terralamprat.ch\/fr\/wp-json\/wp\/v2\/pages\/1205","targetHints":{"allow":["GET"]}}],"collection":[{"href":"https:\/\/www.terralamprat.ch\/fr\/wp-json\/wp\/v2\/pages"}],"about":[{"href":"https:\/\/www.terralamprat.ch\/fr\/wp-json\/wp\/v2\/types\/page"}],"author":[{"embeddable":true,"href":"https:\/\/www.terralamprat.ch\/fr\/wp-json\/wp\/v2\/users\/2"}],"replies":[{"embeddable":true,"href":"https:\/\/www.terralamprat.ch\/fr\/wp-json\/wp\/v2\/comments?post=1205"}],"version-history":[{"count":22,"href":"https:\/\/www.terralamprat.ch\/fr\/wp-json\/wp\/v2\/pages\/1205\/revisions"}],"predecessor-version":[{"id":1404,"href":"https:\/\/www.terralamprat.ch\/fr\/wp-json\/wp\/v2\/pages\/1205\/revisions\/1404"}],"wp:attachment":[{"href":"https:\/\/www.terralamprat.ch\/fr\/wp-json\/wp\/v2\/media?parent=1205"}],"curies":[{"name":"wp","href":"https:\/\/api.w.org\/{rel}","templated":true}]}}