{"id":1194,"date":"2021-07-26T11:16:28","date_gmt":"2021-07-26T09:16:28","guid":{"rendered":"https:\/\/www.terralamprat.ch\/ferme-lamprat\/"},"modified":"2022-01-19T11:12:25","modified_gmt":"2022-01-19T10:12:25","slug":"ferme-lamprat","status":"publish","type":"page","link":"https:\/\/www.terralamprat.ch\/fr\/ferme-lamprat\/","title":{"rendered":"FERME LAMPRAT"},"content":{"rendered":"\r\n\r\n\r\n\r\n\r\n<div class=\"p-7eh5953 pagelayer-post_props pagelayer-ele\">\u00a0<\/div>\r\n<div class=\"p-03hPgYTMcB5as6yS pagelayer-row pagelayer-row-stretch-auto pagelayer-height-default pagelayer-ele\"><style pagelayer-style-id=\"03hPgYTMcB5as6yS\">.p-03hPgYTMcB5as6yS .pagelayer-col-holder{padding: 10px}\r\n.p-03hPgYTMcB5as6yS .pagelayer-background-overlay{opacity: 0.3;-webkit-transition: all 400ms !important; transition: all 400ms !important}\r\n.p-03hPgYTMcB5as6yS .pagelayer-svg-top .pagelayer-shape-fill{fill:#227bc3}\r\n.p-03hPgYTMcB5as6yS .pagelayer-row-svg .pagelayer-svg-top{width:100%;height:100px}\r\n.p-03hPgYTMcB5as6yS .pagelayer-svg-bottom .pagelayer-shape-fill{fill:#e44993}\r\n.p-03hPgYTMcB5as6yS .pagelayer-row-svg .pagelayer-svg-bottom{width:100%;height:100px}\r\n.p-03hPgYTMcB5as6yS{background-image: url(\"https:\/\/www.terralamprat.ch\/wp-content\/uploads\/2021\/01\/TerraLamprat-21.jpg\");background-attachment: fixed;background-position-x: right;background-position-y: center;background-repeat: no-repeat;background-size: cover;padding-top: 90px; padding-right: 0px; padding-bottom: 130px; padding-left: 0px}\r\n@media (max-width: 360px){.p-03hPgYTMcB5as6yS{padding-top: 80px; padding-right: 0px; padding-bottom: 100px; padding-left: 0px}}\r\n<\/style>\r\n<div class=\"pagelayer-background-overlay\">\u00a0<\/div>\r\n<div class=\"pagelayer-row-holder pagelayer-row pagelayer-auto pagelayer-width-auto\">\r\n<div class=\"p-5ITTRfR5YLlzKHls pagelayer-col pagelayer-ele\"><style pagelayer-style-id=\"5ITTRfR5YLlzKHls\">.p-5ITTRfR5YLlzKHls .pagelayer-col-holder > div:not(:last-child){margin-bottom: 15px}\r\n.p-5ITTRfR5YLlzKHls .pagelayer-background-overlay{-webkit-transition: all 400ms !important; transition: all 400ms !important}\r\n.p-5ITTRfR5YLlzKHls{background: rgba(255,255,255,0.31)}\r\n<\/style>\r\n<div class=\"pagelayer-col-holder\">\r\n<div class=\"p-0OcYfFtmIp1qv4KC pagelayer-heading pagelayer-ele\" align=\"center\"><style pagelayer-style-id=\"0OcYfFtmIp1qv4KC\">.p-0OcYfFtmIp1qv4KC{text-align: center}\r\n.p-0OcYfFtmIp1qv4KC .pagelayer-heading-holder *{color:rgba(22,21,21,0.67);font-family: Cabin !important; font-size: 50px !important; font-style:  !important; font-weight: 700 !important; font-variant:  !important; text-decoration-line:  !important; text-decoration-style: Solid !important; line-height: 1.5em !important; text-transform: Uppercase !important; letter-spacing: 10px !important; word-spacing: px !important}\r\n.p-0OcYfFtmIp1qv4KC .pagelayer-heading-holder{color:rgba(22,21,21,0.67);font-family: Cabin !important; font-size: 50px !important; font-style:  !important; font-weight: 700 !important; font-variant:  !important; text-decoration-line:  !important; text-decoration-style: Solid !important; line-height: 1.5em !important; text-transform: Uppercase !important; letter-spacing: 10px !important; word-spacing: px !important}\r\n@media (max-width: 768px) and (min-width: 361px){.p-0OcYfFtmIp1qv4KC .pagelayer-heading-holder *{font-family:  !important; font-size: 28px !important; font-style:  !important; font-weight:  !important; font-variant:  !important; text-decoration-line:  !important; text-decoration-style: Solid !important; line-height: em !important; text-transform:  !important; letter-spacing: px !important; word-spacing: px !important}}\r\n@media (max-width: 768px) and (min-width: 361px){.p-0OcYfFtmIp1qv4KC .pagelayer-heading-holder{font-family:  !important; font-size: 28px !important; font-style:  !important; font-weight:  !important; font-variant:  !important; text-decoration-line:  !important; text-decoration-style: Solid !important; line-height: em !important; text-transform:  !important; letter-spacing: px !important; word-spacing: px !important}}\r\n@media (max-width: 360px){.p-0OcYfFtmIp1qv4KC .pagelayer-heading-holder *{font-family:  !important; font-size: 22px !important; font-style:  !important; font-weight:  !important; font-variant:  !important; text-decoration-line:  !important; text-decoration-style: Solid !important; line-height: em !important; text-transform:  !important; letter-spacing: px !important; word-spacing: px !important}}\r\n@media (max-width: 360px){.p-0OcYfFtmIp1qv4KC .pagelayer-heading-holder{font-family:  !important; font-size: 22px !important; font-style:  !important; font-weight:  !important; font-variant:  !important; text-decoration-line:  !important; text-decoration-style: Solid !important; line-height: em !important; text-transform:  !important; letter-spacing: px !important; word-spacing: px !important}}\r\n<\/style>\r\n<div class=\"pagelayer-heading-holder\">\r\n<h1 class=\"trashhand\">FERME LAMPRAT<\/h1>\r\n<\/div>\r\n<\/div>\r\n<\/div>\r\n<\/div>\r\n<\/div>\r\n<\/div>\r\n<div class=\"p-mxi8749 pagelayer-row pagelayer-row-stretch-auto pagelayer-height-default pagelayer-ele\"><style pagelayer-style-id=\"mxi8749\">.p-mxi8749 .pagelayer-col-holder{padding: 10px}\r\n.p-mxi8749 .pagelayer-background-overlay{-webkit-transition: all 400ms !important; transition: all 400ms !important}\r\n.p-mxi8749 .pagelayer-svg-top .pagelayer-shape-fill{fill:#227bc3}\r\n.p-mxi8749 .pagelayer-row-svg .pagelayer-svg-top{width:100%;height:100px}\r\n.p-mxi8749 .pagelayer-svg-bottom .pagelayer-shape-fill{fill:#e44993}\r\n.p-mxi8749 .pagelayer-row-svg .pagelayer-svg-bottom{width:100%;height:100px}\r\n<\/style>\r\n<div class=\"pagelayer-row-holder pagelayer-row pagelayer-auto pagelayer-width-auto\">\r\n<div class=\"p-act9575 pagelayer-col pagelayer-ele\"><style pagelayer-style-id=\"act9575\">.p-act9575 .pagelayer-col-holder > div:not(:last-child){margin-bottom: 15px}\r\n.p-act9575 .pagelayer-background-overlay{-webkit-transition: all 400ms !important; transition: all 400ms !important}\r\n<\/style>\r\n<div class=\"pagelayer-col-holder\">\r\n<div class=\"p-ajz1930 pagelayer-space pagelayer-ele\"><style pagelayer-style-id=\"ajz1930\">.p-ajz1930 .pagelayer-space-holder{height: 30px}\r\n<\/style>\r\n<div class=\"pagelayer-space-holder\">\u00a0<\/div>\r\n<\/div>\r\n<\/div>\r\n<\/div>\r\n<\/div>\r\n<\/div>\r\n<div class=\"p-TBUxgikAKyWsdUSL pagelayer-row pagelayer-row-stretch-auto pagelayer-height-default pagelayer-ele\"><style pagelayer-style-id=\"TBUxgikAKyWsdUSL\">.p-TBUxgikAKyWsdUSL .pagelayer-col-holder{padding: 10px}\r\n.p-TBUxgikAKyWsdUSL>.pagelayer-row-holder .pagelayer-col{align-content: center}\r\n.p-TBUxgikAKyWsdUSL .pagelayer-background-overlay{-webkit-transition: all 400ms !important; transition: all 400ms !important}\r\n.p-TBUxgikAKyWsdUSL .pagelayer-svg-top .pagelayer-shape-fill{fill:#227bc3}\r\n.p-TBUxgikAKyWsdUSL .pagelayer-row-svg .pagelayer-svg-top{width:100%;height:100px}\r\n.p-TBUxgikAKyWsdUSL .pagelayer-svg-bottom .pagelayer-shape-fill{fill:#e44993}\r\n.p-TBUxgikAKyWsdUSL .pagelayer-row-svg .pagelayer-svg-bottom{width:100%;height:100px}\r\n.p-TBUxgikAKyWsdUSL{padding-top: 0px; padding-right: 0px; padding-bottom: 80px; padding-left: 0px}\r\n@media (max-width: 768px) and (min-width: 361px){.p-TBUxgikAKyWsdUSL{padding-top: 30px; padding-right: 0px; padding-bottom: 50px; padding-left: 0px}}\r\n@media (max-width: 360px){.p-TBUxgikAKyWsdUSL{padding-top: 25px; padding-right: 0px; padding-bottom: 40px; padding-left: 0px}}\r\n<\/style>\r\n<div class=\"pagelayer-row-holder pagelayer-row pagelayer-auto pagelayer-width-auto\">\r\n<div class=\"p-Jb6Y0hnenCCZf1sx pagelayer-col pagelayer-ele\"><style pagelayer-style-id=\"Jb6Y0hnenCCZf1sx\">.p-Jb6Y0hnenCCZf1sx .pagelayer-col-holder > div:not(:last-child){margin-bottom: 15px}\r\n.pagelayer-row-holder [pagelayer-wrap-id=\"Jb6Y0hnenCCZf1sx\"]{width: 50%}\r\n@media (max-width: 360px){.pagelayer-row-holder [pagelayer-wrap-id=\"Jb6Y0hnenCCZf1sx\"]{width: 100%}}\r\n.p-Jb6Y0hnenCCZf1sx .pagelayer-background-overlay{-webkit-transition: all 400ms !important; transition: all 400ms !important}\r\n.p-Jb6Y0hnenCCZf1sx{padding-top: 0px; padding-right: 15px; padding-bottom: 0px; padding-left: 15px}\r\n<\/style>\r\n<div class=\"pagelayer-col-holder\">\r\n<div class=\"p-MsKUopOIjIqSKGzQ pagelayer-heading pagelayer-ele\" align=\"left\"><style pagelayer-style-id=\"MsKUopOIjIqSKGzQ\">.p-MsKUopOIjIqSKGzQ{text-align: left}\r\n.p-MsKUopOIjIqSKGzQ .pagelayer-heading-holder *{color:#3e2f34;font-family: Cabin !important; font-size: 35px !important; font-style:  !important; font-weight: 700 !important; font-variant:  !important; text-decoration-line:  !important; text-decoration-style: Solid !important; line-height: em !important; text-transform: Uppercase !important; letter-spacing: 5px !important; word-spacing: px !important}\r\n.p-MsKUopOIjIqSKGzQ .pagelayer-heading-holder{color:#3e2f34;font-family: Cabin !important; font-size: 35px !important; font-style:  !important; font-weight: 700 !important; font-variant:  !important; text-decoration-line:  !important; text-decoration-style: Solid !important; line-height: em !important; text-transform: Uppercase !important; letter-spacing: 5px !important; word-spacing: px !important}\r\n@media (max-width: 768px) and (min-width: 361px){.p-MsKUopOIjIqSKGzQ .pagelayer-heading-holder *{font-family:  !important; font-size: 25px !important; font-style:  !important; font-weight:  !important; font-variant:  !important; text-decoration-line:  !important; text-decoration-style: Solid !important; line-height: em !important; text-transform:  !important; letter-spacing: px !important; word-spacing: px !important}}\r\n@media (max-width: 768px) and (min-width: 361px){.p-MsKUopOIjIqSKGzQ .pagelayer-heading-holder{font-family:  !important; font-size: 25px !important; font-style:  !important; font-weight:  !important; font-variant:  !important; text-decoration-line:  !important; text-decoration-style: Solid !important; line-height: em !important; text-transform:  !important; letter-spacing: px !important; word-spacing: px !important}}\r\n@media (max-width: 360px){.p-MsKUopOIjIqSKGzQ .pagelayer-heading-holder *{font-family:  !important; font-size: 20px !important; font-style:  !important; font-weight:  !important; font-variant:  !important; text-decoration-line:  !important; text-decoration-style: Solid !important; line-height: em !important; text-transform:  !important; letter-spacing: px !important; word-spacing: px !important}}\r\n@media (max-width: 360px){.p-MsKUopOIjIqSKGzQ .pagelayer-heading-holder{font-family:  !important; font-size: 20px !important; font-style:  !important; font-weight:  !important; font-variant:  !important; text-decoration-line:  !important; text-decoration-style: Solid !important; line-height: em !important; text-transform:  !important; letter-spacing: px !important; word-spacing: px !important}}\r\n@media (max-width: 768px) and (min-width: 361px){.p-MsKUopOIjIqSKGzQ{padding-top: 0px; padding-right: 0px; padding-bottom: 0px; padding-left: 0px}}\r\n@media (max-width: 360px){.p-MsKUopOIjIqSKGzQ{padding-top: 0px; padding-right: 0px; padding-bottom: 0px; padding-left: 0px}}\r\n<\/style>\r\n<div class=\"pagelayer-heading-holder\">\r\n<p>HISTOIRE DE LA FERME LAMPRAT<\/p>\r\n<\/div>\r\n<\/div>\r\n<div class=\"p-wUGAMzKrGbHhyyOu pagelayer-text pagelayer-ele\"><style pagelayer-style-id=\"wUGAMzKrGbHhyyOu\">.p-wUGAMzKrGbHhyyOu{padding-top: 0%; padding-right: 0%; padding-bottom: 0%; padding-left: 0%}\r\n@media (max-width: 768px) and (min-width: 361px){.p-wUGAMzKrGbHhyyOu{padding-top: 0px; padding-right: 0px; padding-bottom: 0px; padding-left: 0px}}\r\n@media (max-width: 360px){.p-wUGAMzKrGbHhyyOu{padding-top: 0px; padding-right: 0px; padding-bottom: 0px; padding-left: 0px}}\r\n<\/style>\r\n<div class=\"pagelayer-text-holder\">\r\n<p class=\"MsoNormal\" style=\"line-height: 150%;\"><span style=\"font-size: 12.0pt; line-height: 150%; font-family: 'Arial',sans-serif; mso-ascii-theme-font: minor-bidi; mso-hansi-theme-font: minor-bidi; mso-bidi-theme-font: minor-bidi;\">La ferme Lamprat est entretenu et g\u00e9r\u00e9 par la famille Gauch depuis 1889. Aujourd&rsquo;hui, la ferme est men\u00e9e par la 4\u00e8me g\u00e9n\u00e9ration.<\/span><\/p>\r\n<p><span style=\"font-size: 12.0pt; line-height: 150%; font-family: 'Arial',sans-serif; mso-ascii-theme-font: minor-bidi; mso-hansi-theme-font: minor-bidi; mso-bidi-theme-font: minor-bidi;\">\u00a0<\/span><\/p>\r\n<p class=\"MsoNormal\" style=\"line-height: 150%;\"><span style=\"font-size: 12.0pt; line-height: 150%; font-family: 'Arial',sans-serif; mso-ascii-theme-font: minor-bidi; mso-hansi-theme-font: minor-bidi; mso-bidi-theme-font: minor-bidi;\">En 1999, l&rsquo;exploitation a arr\u00eat\u00e9 la production laiti\u00e8re et s&rsquo;est concentr\u00e9e sur les cultures arables. Dans les champs de Lamprat on trouve du bl\u00e9, des tournesols et du colza . Les plantes profitent du soleil de la Singine, de l&rsquo;excellent sol et des soins attentifs de la famille Gauch.<\/span><\/p>\r\n<\/div>\r\n<\/div>\r\n<\/div>\r\n<\/div>\r\n<div class=\"p-F5OhaIXBTH9ZS0uf pagelayer-col pagelayer-ele\"><style pagelayer-style-id=\"F5OhaIXBTH9ZS0uf\">.p-F5OhaIXBTH9ZS0uf .pagelayer-col-holder > div:not(:last-child){margin-bottom: 15px}\r\n.pagelayer-row-holder [pagelayer-wrap-id=\"F5OhaIXBTH9ZS0uf\"]{width: 50%}\r\n@media (max-width: 360px){.pagelayer-row-holder [pagelayer-wrap-id=\"F5OhaIXBTH9ZS0uf\"]{width: 100%}}\r\n.p-F5OhaIXBTH9ZS0uf .pagelayer-background-overlay{-webkit-transition: all 400ms !important; transition: all 400ms !important}\r\n<\/style>\r\n<div class=\"pagelayer-col-holder\">\r\n<div class=\"p-QC9nNo1c7DnH5V4r pagelayer-image pagelayer-ele\" align=\"center\"><style pagelayer-style-id=\"QC9nNo1c7DnH5V4r\">.p-QC9nNo1c7DnH5V4r .pagelayer-image-holder{text-align: center}\r\n.p-QC9nNo1c7DnH5V4r .pagelayer-image-holder .pagelayer-image-overlay-content{text-align: center}\r\n.p-QC9nNo1c7DnH5V4r .pagelayer-img{-webkit-transition: all 400ms; transition: all 400ms}\r\n.p-QC9nNo1c7DnH5V4r .pagelayer-image-caption{color: #0986c0}\r\n<\/style>\r\n<div class=\"pagelayer-image-holder pagelayer-anim-par\"><img loading=\"lazy\" decoding=\"async\" class=\"pagelayer-img pagelayer-animation-{{anim_hover}}\" title=\"TerraLamprat\" src=\"https:\/\/www.terralamprat.ch\/wp-content\/uploads\/2020\/12\/TerraLamprat-151.jpg\" alt=\"TerraLamprat\" width=\"639\" height=\"426\" \/><\/div>\r\n<\/div>\r\n<\/div>\r\n<\/div>\r\n<\/div>\r\n<\/div>\r\n<div class=\"p-okGeAtKUzKsT3QrL pagelayer-row pagelayer-row-stretch-auto pagelayer-height-default pagelayer-ele\"><style pagelayer-style-id=\"okGeAtKUzKsT3QrL\">.p-okGeAtKUzKsT3QrL .pagelayer-col-holder{padding: 10px}\r\n.p-okGeAtKUzKsT3QrL>.pagelayer-row-holder .pagelayer-col{align-content: center}\r\n.p-okGeAtKUzKsT3QrL .pagelayer-background-overlay{-webkit-transition: all 400ms !important; transition: all 400ms !important}\r\n.p-okGeAtKUzKsT3QrL .pagelayer-svg-top .pagelayer-shape-fill{fill:#227bc3}\r\n.p-okGeAtKUzKsT3QrL .pagelayer-row-svg .pagelayer-svg-top{width:100%;height:100px}\r\n.p-okGeAtKUzKsT3QrL .pagelayer-svg-bottom .pagelayer-shape-fill{fill:#e44993}\r\n.p-okGeAtKUzKsT3QrL .pagelayer-row-svg .pagelayer-svg-bottom{width:100%;height:100px}\r\n.p-okGeAtKUzKsT3QrL{padding-top: 0px; padding-right: 0px; padding-bottom: 80px; padding-left: 0px}\r\n@media (max-width: 768px) and (min-width: 361px){.p-okGeAtKUzKsT3QrL{padding-top: 30px; padding-right: 0px; padding-bottom: 50px; padding-left: 0px}}\r\n@media (max-width: 360px){.p-okGeAtKUzKsT3QrL{padding-top: 25px; padding-right: 0px; padding-bottom: 40px; padding-left: 0px}}\r\n<\/style>\r\n<div class=\"pagelayer-row-holder pagelayer-row pagelayer-auto pagelayer-width-auto\">\r\n<div class=\"p-wOc1AZfUCAjHTt6J pagelayer-col pagelayer-ele\"><style pagelayer-style-id=\"wOc1AZfUCAjHTt6J\">.p-wOc1AZfUCAjHTt6J .pagelayer-col-holder > div:not(:last-child){margin-bottom: 15px}\r\n.pagelayer-row-holder [pagelayer-wrap-id=\"wOc1AZfUCAjHTt6J\"]{width: 50%}\r\n@media (max-width: 360px){.pagelayer-row-holder [pagelayer-wrap-id=\"wOc1AZfUCAjHTt6J\"]{width: 100%}}\r\n.p-wOc1AZfUCAjHTt6J .pagelayer-background-overlay{-webkit-transition: all 400ms !important; transition: all 400ms !important}\r\n.p-wOc1AZfUCAjHTt6J{padding-top: 0px; padding-right: 15px; padding-bottom: 0px; padding-left: 15px}\r\n<\/style>\r\n<div class=\"pagelayer-col-holder\">\r\n<div class=\"p-ywiCUVibZWGTZX6N pagelayer-heading pagelayer-ele\" align=\"left\"><style pagelayer-style-id=\"ywiCUVibZWGTZX6N\">.p-ywiCUVibZWGTZX6N{text-align: left}\r\n.p-ywiCUVibZWGTZX6N .pagelayer-heading-holder *{color:#3e2f34;font-family: Cabin !important; font-size: 35px !important; font-style:  !important; font-weight: 700 !important; font-variant:  !important; text-decoration-line:  !important; text-decoration-style: Solid !important; line-height: em !important; text-transform: Uppercase !important; letter-spacing: 5px !important; word-spacing: px !important}\r\n.p-ywiCUVibZWGTZX6N .pagelayer-heading-holder{color:#3e2f34;font-family: Cabin !important; font-size: 35px !important; font-style:  !important; font-weight: 700 !important; font-variant:  !important; text-decoration-line:  !important; text-decoration-style: Solid !important; line-height: em !important; text-transform: Uppercase !important; letter-spacing: 5px !important; word-spacing: px !important}\r\n@media (max-width: 768px) and (min-width: 361px){.p-ywiCUVibZWGTZX6N .pagelayer-heading-holder *{font-family:  !important; font-size: 25px !important; font-style:  !important; font-weight:  !important; font-variant:  !important; text-decoration-line:  !important; text-decoration-style: Solid !important; line-height: em !important; text-transform:  !important; letter-spacing: px !important; word-spacing: px !important}}\r\n@media (max-width: 768px) and (min-width: 361px){.p-ywiCUVibZWGTZX6N .pagelayer-heading-holder{font-family:  !important; font-size: 25px !important; font-style:  !important; font-weight:  !important; font-variant:  !important; text-decoration-line:  !important; text-decoration-style: Solid !important; line-height: em !important; text-transform:  !important; letter-spacing: px !important; word-spacing: px !important}}\r\n@media (max-width: 360px){.p-ywiCUVibZWGTZX6N .pagelayer-heading-holder *{font-family:  !important; font-size: 20px !important; font-style:  !important; font-weight:  !important; font-variant:  !important; text-decoration-line:  !important; text-decoration-style: Solid !important; line-height: em !important; text-transform:  !important; letter-spacing: px !important; word-spacing: px !important}}\r\n@media (max-width: 360px){.p-ywiCUVibZWGTZX6N .pagelayer-heading-holder{font-family:  !important; font-size: 20px !important; font-style:  !important; font-weight:  !important; font-variant:  !important; text-decoration-line:  !important; text-decoration-style: Solid !important; line-height: em !important; text-transform:  !important; letter-spacing: px !important; word-spacing: px !important}}\r\n@media (max-width: 768px) and (min-width: 361px){.p-ywiCUVibZWGTZX6N{padding-top: 0px; padding-right: 0px; padding-bottom: 0px; padding-left: 0px}}\r\n@media (max-width: 360px){.p-ywiCUVibZWGTZX6N{padding-top: 0px; padding-right: 0px; padding-bottom: 0px; padding-left: 0px}}\r\n<\/style>\r\n<div class=\"pagelayer-heading-holder\">\r\n<p>Beat Gauch<\/p>\r\n<\/div>\r\n<\/div>\r\n<div class=\"p-MrvWU1PCCLPqN4Kg pagelayer-text pagelayer-ele\"><style pagelayer-style-id=\"MrvWU1PCCLPqN4Kg\">.p-MrvWU1PCCLPqN4Kg{padding-top: 0%; padding-right: 0%; padding-bottom: 0%; padding-left: 0%}\r\n@media (max-width: 768px) and (min-width: 361px){.p-MrvWU1PCCLPqN4Kg{padding-top: 0px; padding-right: 0px; padding-bottom: 0px; padding-left: 0px}}\r\n@media (max-width: 360px){.p-MrvWU1PCCLPqN4Kg{padding-top: 0px; padding-right: 0px; padding-bottom: 0px; padding-left: 0px}}\r\n<\/style>\r\n<div class=\"pagelayer-text-holder\">\r\n<p class=\"MsoNormal\" style=\"line-height: 150%;\"><span style=\"font-size: 12.0pt; line-height: 150%; font-family: 'Arial',sans-serif; mso-ascii-theme-font: minor-bidi; mso-hansi-theme-font: minor-bidi; mso-bidi-theme-font: minor-bidi;\">Beat Gauch dirige la ferme Lamprat avec beaucoup de passion. Lorsqu&rsquo;il a commenc\u00e9 sa premi\u00e8re ann\u00e9e d&rsquo;apprentissage d&rsquo;agriculteur \u00e0 Echarlens, pr\u00e8s de Bulle, \u00e0 l&rsquo;\u00e2ge de 16 ans, il \u00e9tait d\u00e9j\u00e0 clair qu&rsquo;il allait poursuivre l&rsquo;entreprise familiale. Il a effectu\u00e9 la deuxi\u00e8me ann\u00e9e de son apprentissage \u00e0 domicile. Ensuite, il a suivi l&rsquo;\u00e9cole sup\u00e9rieure, des cours destin\u00e9s aux chefs d&rsquo;exploitation agricole et a pass\u00e9 l&rsquo;examen de ma\u00eetrise. En 1995, il a finalement repris la ferme Lamprat de ses parents.<\/span><\/p>\r\n<span style=\"font-size: 12.0pt; line-height: 150%; font-family: 'Arial',sans-serif; mso-ascii-theme-font: minor-bidi; mso-hansi-theme-font: minor-bidi; mso-bidi-theme-font: minor-bidi;\">\u00a0<\/span>\r\n<p class=\"MsoNormal\" style=\"line-height: 150%;\"><span style=\"font-size: 12.0pt; line-height: 150%; font-family: 'Arial',sans-serif; mso-ascii-theme-font: minor-bidi; mso-hansi-theme-font: minor-bidi; mso-bidi-theme-font: minor-bidi;\">En 1999, Beat a d\u00e9cid\u00e9 d&rsquo;arr\u00eater l&rsquo;\u00e9levage laitier et de se concentrer sur les cultures arables. Lorsqu&rsquo;il s&rsquo;est ensuite tourn\u00e9 vers une <a href=\"https:\/\/www.terralamprat.ch\/fr\/patricia-zurfluh\/\">nutritionniste<\/a> pour des raisons de sant\u00e9, les premiers piliers de l&rsquo;huile de colza Lamprat ont \u00e9t\u00e9 pos\u00e9s. Elle lui a donc recommand\u00e9 de consommer quotidiennement une huile de colza de haute qualit\u00e9 press\u00e9e \u00e0 froid. L&rsquo;huile de colza press\u00e9e \u00e0 froid est riche en vitamines, min\u00e9raux et acides gras mono- et poly-satur\u00e9s, qui sont pr\u00e9cieux pour une alimentation saine. Mais comme seule l&rsquo;huile de colza d&rsquo;Allemagne r\u00e9pondait aux exigences de qualit\u00e9 de la <a href=\"https:\/\/www.terralamprat.ch\/fr\/patricia-zurfluh\/\">nutritionniste<\/a>, Beat a d\u00e9cid\u00e9 de la produire elle-m\u00eame. Le colza appropri\u00e9 poussait d\u00e9j\u00e0 dans ses champs.<\/span><\/p>\r\n<span style=\"font-size: 12.0pt; line-height: 150%; font-family: 'Arial',sans-serif; mso-ascii-theme-font: minor-bidi; mso-hansi-theme-font: minor-bidi; mso-bidi-theme-font: minor-bidi;\">\u00a0<\/span>\r\n<p class=\"MsoNormal\" style=\"line-height: 150%;\"><span style=\"font-size: 12.0pt; line-height: 150%; font-family: 'Arial',sans-serif; mso-ascii-theme-font: minor-bidi; mso-hansi-theme-font: minor-bidi; mso-bidi-theme-font: minor-bidi;\">Beat produit sur son exploitation une huile de colza premium de haute qualit\u00e9 depuis 2016. Il en consomme lui-m\u00eame quotidiennement et en appr\u00e9cie le bon go\u00fbt et les effets positifs sur son corps.<\/span>\u00a0<\/p>\r\n<\/div>\r\n<\/div>\r\n<div class=\"p-0G8L5yQI48czHCjA pagelayer-btn pagelayer-ele\"><style pagelayer-style-id=\"0G8L5yQI48czHCjA\">.p-0G8L5yQI48czHCjA .pagelayer-btn-text{font-family: Cabin; font-size: px !important; font-style:  !important; font-weight:  !important; font-variant:  !important; text-decoration-line:  !important; text-decoration-style: Solid !important; line-height: em !important; text-transform:  !important; letter-spacing: px !important; word-spacing: px !important}\r\n.p-0G8L5yQI48czHCjA .pagelayer-btn-holder{font-family: Cabin; font-size: px !important; font-style:  !important; font-weight:  !important; font-variant:  !important; text-decoration-line:  !important; text-decoration-style: Solid !important; line-height: em !important; text-transform:  !important; letter-spacing: px !important; word-spacing: px !important;-webkit-transition: all 400ms !important; transition: all 400ms !important}\r\n.p-0G8L5yQI48czHCjA{text-align: left}\r\n<\/style><a class=\"pagelayer-btn-holder pagelayer-ele-link pagelayer-btn-default pagelayer-btn-large {{icon_position}}\" href=\"https:\/\/www.terralamprat.ch\/fr\/cuisiner-nutrition\/\">L&rsquo;huile et son effet<\/a><\/div>\r\n<\/div>\r\n<\/div>\r\n<div class=\"p-stiRby3m0QZo4HQ4 pagelayer-col pagelayer-ele\"><style pagelayer-style-id=\"stiRby3m0QZo4HQ4\">.p-stiRby3m0QZo4HQ4 .pagelayer-col-holder > div:not(:last-child){margin-bottom: 15px}\r\n.pagelayer-row-holder [pagelayer-wrap-id=\"stiRby3m0QZo4HQ4\"]{width: 50%}\r\n@media (max-width: 360px){.pagelayer-row-holder [pagelayer-wrap-id=\"stiRby3m0QZo4HQ4\"]{width: 100%}}\r\n.p-stiRby3m0QZo4HQ4 .pagelayer-background-overlay{-webkit-transition: all 400ms !important; transition: all 400ms !important}\r\n<\/style>\r\n<div class=\"pagelayer-col-holder\">\r\n<div class=\"p-u8wGnWlmUvgPuA05 pagelayer-image pagelayer-ele\" align=\"center\"><style pagelayer-style-id=\"u8wGnWlmUvgPuA05\">.p-u8wGnWlmUvgPuA05 .pagelayer-image-holder{text-align: center}\r\n.p-u8wGnWlmUvgPuA05 .pagelayer-image-holder .pagelayer-image-overlay-content{text-align: center}\r\n.p-u8wGnWlmUvgPuA05 .pagelayer-img{-webkit-transition: all 400ms; transition: all 400ms}\r\n.p-u8wGnWlmUvgPuA05 .pagelayer-image-caption{color: #0986c0}\r\n<\/style>\r\n<div class=\"pagelayer-image-holder pagelayer-anim-par\"><img loading=\"lazy\" decoding=\"async\" class=\"pagelayer-img pagelayer-animation-{{anim_hover}}\" title=\"TerraLamprat\" src=\"https:\/\/www.terralamprat.ch\/wp-content\/uploads\/2020\/12\/TerraLamprat-5.jpg\" alt=\"TerraLamprat\" width=\"612\" height=\"408\" \/><\/div>\r\n<\/div>\r\n<\/div>\r\n<\/div>\r\n<\/div>\r\n<\/div>\r\n\r\n<p>&nbsp;<\/p>","protected":false},"excerpt":{"rendered":"<p>&nbsp;<\/p>\n","protected":false},"author":1,"featured_media":0,"parent":0,"menu_order":0,"comment_status":"closed","ping_status":"closed","template":"","meta":{"pagelayer_contact_templates":[],"_pagelayer_content":"","wprm-recipe-roundup-name":"","wprm-recipe-roundup-description":"","footnotes":""},"class_list":["post-1194","page","type-page","status-publish","hentry"],"_links":{"self":[{"href":"https:\/\/www.terralamprat.ch\/fr\/wp-json\/wp\/v2\/pages\/1194","targetHints":{"allow":["GET"]}}],"collection":[{"href":"https:\/\/www.terralamprat.ch\/fr\/wp-json\/wp\/v2\/pages"}],"about":[{"href":"https:\/\/www.terralamprat.ch\/fr\/wp-json\/wp\/v2\/types\/page"}],"author":[{"embeddable":true,"href":"https:\/\/www.terralamprat.ch\/fr\/wp-json\/wp\/v2\/users\/1"}],"replies":[{"embeddable":true,"href":"https:\/\/www.terralamprat.ch\/fr\/wp-json\/wp\/v2\/comments?post=1194"}],"version-history":[{"count":6,"href":"https:\/\/www.terralamprat.ch\/fr\/wp-json\/wp\/v2\/pages\/1194\/revisions"}],"predecessor-version":[{"id":1384,"href":"https:\/\/www.terralamprat.ch\/fr\/wp-json\/wp\/v2\/pages\/1194\/revisions\/1384"}],"wp:attachment":[{"href":"https:\/\/www.terralamprat.ch\/fr\/wp-json\/wp\/v2\/media?parent=1194"}],"curies":[{"name":"wp","href":"https:\/\/api.w.org\/{rel}","templated":true}]}}