{"id":1172,"date":"2021-07-19T15:51:45","date_gmt":"2021-07-19T13:51:45","guid":{"rendered":"https:\/\/www.terralamprat.ch\/points-de-vente\/"},"modified":"2022-09-14T17:49:55","modified_gmt":"2022-09-14T15:49:55","slug":"points-de-vente","status":"publish","type":"page","link":"https:\/\/www.terralamprat.ch\/fr\/points-de-vente\/","title":{"rendered":"POINTS DE VENTE"},"content":{"rendered":"<div class=\"entry-content\">\n<div class=\"pagelayer-row pagelayer-row-stretch-auto pagelayer-height-default\" style=\"background-image: url('https:\/\/www.terralamprat.ch\/wp-content\/uploads\/2020\/12\/TerraLamprat-151.jpg'); background-attachment: fixed; background-position-x: left; background-position-y: bottom; background-repeat: no-repeat; background-size: cover; margin-bottom: 15px; padding: 90px 0px 90px 0px;\">\n<div class=\"pagelayer-row-holder pagelayer-row pagelayer-auto pagelayer-width-auto\" style=\"max-width: 1170px; margin-left: auto; margin-right: auto;\">\n<div class=\"pagelayer-col\">\n<div class=\"pagelayer-col-holder\" style=\"padding: 10px;\">\n<div class=\"pagelayer-heading\" style=\"text-align: center; background: rgba(255,255,255,0.31); padding: 0px;\" align=\"center\">\n<div class=\"pagelayer-heading-holder\" style=\"color: rgba(22,21,21,0.67); font-family: Cabin !important; font-size: 50px !important; font-weight: 700 !important; line-height: 1.5em !important; letter-spacing: 10px !important;\">\n<h3 class=\"trashhand\" style=\"color: rgba(22,21,21,0.67); font-size: 50px !important; font-weight: 700 !important; line-height: 1.5em !important; letter-spacing: 10px !important;\">Points de vente<\/h3>\n<\/div>\n<\/div>\n<\/div>\n<\/div>\n<\/div>\n<\/div>\n<div class=\"pagelayer-row pagelayer-row-stretch-auto pagelayer-height-default\" style=\"margin-bottom: 20px; margin-top: 20px;\">\n<div class=\"pagelayer-row-holder pagelayer-row pagelayer-auto pagelayer-width-auto\">\n<div class=\"pagelayer-col\">\n<div class=\"pagelayer-col-holder\">\n<div class=\"pagelayer-heading\" align=\"center\">\n<div class=\"pagelayer-heading-holder\">\n<h2 style=\"color: #3e2f34; font-family: Cabin !important; font-size: 35px !important; text-transform: Uppercase !important; letter-spacing: 5px !important; margin-bottom: 20px;\">O\u00d9 TROUVER L&rsquo;HUILE DE COLZA<\/h2>\n<div class=\"pagelayer-divider\" style=\"margin-bottom: 15px;\">\n<div class=\"pagelayer-divider-holder\"><\/div>\n<\/div>\n<p class=\"error\">Basic Google Maps Placemarks erreur\u00a0: les fichiers JavaScript et\/ou CSS n\u2019ont pas pu \u00eatre charg\u00e9s. SI vous utilisez la fonction do_shortcode(), vous devez d\u2019abord ajouter un filtre \u00e0 votre th\u00e8me. Voir <a href=\"http:\/\/wordpress.org\/extend\/plugins\/basic-google-maps-placemarks\/faq\/\">la FAQ<\/a> pour plus de d\u00e9tails.<\/p>\n<\/div>\n<\/div>\n<\/div>\n<\/div>\n<\/div>\n<\/div>\n<div class=\"pagelayer-row pagelayer-row-stretch-auto pagelayer-height-default\">\n<div class=\"pagelayer-row-holder pagelayer-row pagelayer-auto pagelayer-width-auto\">\n<div class=\"pagelayer-col pagelayer-col-6\">\n<div class=\"pagelayer-col-holder\">\n<div class=\"pagelayer-heading\" align=\"left\">\n<div class=\"pagelayer-heading-holder\">\n<h2 style=\"font-weight: 700 !important; text-transform: Uppercase !important; letter-spacing: 5px !important; color: #3e2f34; font-family: Cabin !important; font-size: 35px !important; font-style: !important; font-variant: !important; text-decoration-line: !important; margin-bottom: 20px;\">Commerce de d\u00e9tail<\/h2>\n<\/div>\n<\/div>\n<div class=\"pagelayer-text\">\n<div class=\"pagelayer-text-holder\">\n<ul>\n<li style=\"color: #7f7f7f;\">&#8211; <a href=\"https:\/\/www.drogerie-chruetterhaex.ch\/\" target=\"_blank\" rel=\"noopener noreferrer\"><strong>Drogerie Chr\u00fctterh\u00e4x<\/strong><\/a>, Hauptstrasse 21, 1716 Plaffeien<\/li>\n<li style=\"color: #7f7f7f;\">&#8211; <a href=\"https:\/\/www.fleischundbrau.ch\/\" target=\"_blank\" rel=\"noopener noreferrer\"><strong>Fleisch und Brau<\/strong><\/a>, Ch\u00e4nnelmattstrasse 2, 3186 D\u00fcdingen und 1717 St. Ursen<\/li>\n<li>&#8211; <a href=\"https:\/\/www.regiova.ch\/\" target=\"_blank\" rel=\"noopener noreferrer\"><strong>RegioVa-L\u00e4deli<\/strong><\/a><span style=\"color: #808080;\">, Hauptstrasse 70, 1715 Alterswil<\/span><\/li>\n<li style=\"color: #7f7f7f;\">&#8211; <a href=\"https:\/\/chez-blanc.ch\/\" target=\"_blank\" rel=\"noopener noreferrer\"><strong>Chez Blanc<\/strong><\/a>, Rte de Champ de Croix 1, 1753 Matran<\/li>\n<li style=\"color: #7f7f7f;\">&#8211; <a href=\"https:\/\/www.boucherie-bertschy.ch\/\" target=\"_blank\" rel=\"noopener noreferrer\"><strong>Metzgerei Nicolas Bertschy<\/strong><\/a>, Neustadtgasse 25, 1700 Fribourg<\/li>\n<li style=\"color: #7f7f7f;\">&#8211; <strong><a href=\"https:\/\/www.ahg-cars.ch\/de\/garage\/auto-schweingruber-tafers\" target=\"_blank\" rel=\"noopener noreferrer\">BP-Shop<\/a><\/strong>, Mariahilfstrasse 1, 1712 Tafers<\/li>\n<li style=\"color: #7f7f7f;\">&#8211; <a href=\"https:\/\/www.schwallers.ch\/\" target=\"_blank\" rel=\"noopener noreferrer\"><strong>Schwaller Sensler Bauernladen<\/strong><\/a>, Cheerstrasse 3, 1713 St.Antoni<\/li>\n<li style=\"color: #7f7f7f;\">&#8211; <a href=\"https:\/\/www.tonundkraut.ch\/\" target=\"_blank\" rel=\"noopener noreferrer\"><strong>Ton und Kraut<\/strong><\/a>, Thunstrasse 7, 1712 Tafers<\/li>\n<li style=\"color: #7f7f7f;\">&#8211; <a href=\"https:\/\/www.akademie-zurfluh.com\/\" target=\"_blank\" rel=\"noopener noreferrer\"><strong>Allegra Akademie Zurfluh Patricia<\/strong><\/a>, Muttacherstrasse 2, 1712 Tafers<\/li>\n<li style=\"color: #7f7f7f;\">&#8211; <a href=\"https:\/\/www.manor.ch\/de\/store-finder\/store\/fri\" target=\"_blank\" rel=\"noopener noreferrer\"><strong>Manor Grands-Magasins<\/strong><\/a>, rue de Romont 30, 1700 Fribourg<\/li>\n<li style=\"color: #7f7f7f;\">&#8211; <a href=\"https:\/\/www.chees-gourmet.ch\/\" target=\"_blank\" rel=\"noopener noreferrer\"><strong>Chees Gourmet<\/strong><\/a>, Schwarzseestrasse 14, 1712 Tafers<\/li>\n<li style=\"color: #7f7f7f;\">&#8211; <a href=\"https:\/\/www.cavegauch.ch\/\" target=\"_blank\" rel=\"noopener noreferrer\"><strong>Gauch Cave des Rochers<\/strong><\/a>, Kirchstrasse 7, 3186 D\u00fcdingen<\/li>\n<li style=\"color: #7f7f7f;\">&#8211; <a href=\"https:\/\/dorfladen-boesingen.ch\/\" target=\"_blank\" rel=\"noopener noreferrer\"><strong>Maxi Lebensmittel<\/strong><\/a>, Nicole Fuhrer, Bachtelastrasse 2, 3178 B\u00f6singen<\/li>\n<li style=\"color: #7f7f7f;\">&#8211; <a href=\"https:\/\/www.dorfmetzg-beyeler.ch\/\" target=\"_blank\" rel=\"noopener noreferrer\"><strong>Dorfmetzg Beyeler<\/strong><\/a>, Dorfstrasse 14, 1716 Plaffeien<\/li>\n<li style=\"color: #7f7f7f;\">&#8211; <a href=\"https:\/\/loeb.ch\/filialen\/loeb-bern\" target=\"_blank\" rel=\"noopener noreferrer\"><strong>Loeb AG,<\/strong><\/a> Abteilung Lebensmittel, Schauplatzgasse 37\/39, 3001 Bern<\/li>\n<\/ul>\n<\/div>\n<\/div>\n<\/div>\n<\/div>\n<div class=\"pagelayer-col pagelayer-col-6\">\n<div class=\"pagelayer-col-holder\">\n<div class=\"pagelayer-heading\" align=\"left\">\n<div class=\"pagelayer-heading-holder\">\n<h2 style=\"font-weight: 700 !important; text-transform: Uppercase !important; letter-spacing: 5px !important; color: #3e2f34; font-family: Cabin !important; font-size: 35px !important; font-style: !important; font-variant: !important; text-decoration-line: !important; margin-bottom: 20px;\">Restaurants<\/h2>\n<\/div>\n<\/div>\n<div class=\"pagelayer-text\">\n<div class=\"pagelayer-text-holder\">\n<ul>\n<li style=\"color: #7f7f7f;\">&#8211; <a href=\"http:\/\/www.gasthofzumschluessel.ch\/\" target=\"_blank\" rel=\"noopener noreferrer\"><strong>Gasthof zum Schl\u00fcssel<\/strong><\/a>, Dorfstrasse 1, 3182 Ueberstorf<\/li>\n<li style=\"color: #7f7f7f;\">&#8211; <a href=\"http:\/\/www.hirschen-sangernboden.ch\/\" target=\"_blank\" rel=\"noopener noreferrer\"><strong>Gasthof Hirschen Sangernboden<\/strong><\/a>, 1738 Sangernboden<\/li>\n<li style=\"color: #7f7f7f;\">&#8211; <a href=\"https:\/\/schwarzseestaern.ch\/\" target=\"_blank\" rel=\"noopener noreferrer\"><strong>Restaurant SchwarzseeSt\u00e4rn<\/strong><\/a>, Gassera 1, 1716 Schwarzsee<\/li>\n<li style=\"color: #7f7f7f;\">&#8211; <a href=\"https:\/\/www.schmitte-ostermundigen.ch\/\" target=\"_blank\" rel=\"noopener noreferrer\"><strong>Restaurant Schmitte<\/strong><\/a>, Oberdorfstrasse 50, 3072 Ostermundigen<\/li>\n<\/ul>\n<\/div>\n<\/div>\n<\/div>\n<\/div>\n<div class=\"pagelayer-col pagelayer-col-6\">\n<div class=\"pagelayer-col-holder\">\n<div class=\"pagelayer-text\">\n<div class=\"pagelayer-text-holder\"><\/div>\n<\/div>\n<\/div>\n<\/div>\n<div class=\"pagelayer-col pagelayer-col-6\">\n<div class=\"pagelayer-col-holder\">\n<div class=\"pagelayer-heading\" align=\"left\"><\/div>\n<div class=\"pagelayer-text\">\n<div class=\"pagelayer-text-holder\"><\/div>\n<\/div>\n<\/div>\n<\/div>\n<\/div>\n<\/div>\n<\/div>\n","protected":false},"excerpt":{"rendered":"<p>Points de vente O\u00d9 TROUVER L&rsquo;HUILE DE COLZA Commerce de d\u00e9tail &#8211; Drogerie Chr\u00fctterh\u00e4x, Hauptstrasse 21, 1716 Plaffeien &#8211; Fleisch und Brau, Ch\u00e4nnelmattstrasse 2, 3186 D\u00fcdingen und 1717 St. Ursen &#8211; RegioVa-L\u00e4deli, Hauptstrasse 70, 1715 Alterswil &#8211; Chez Blanc, Rte de Champ de Croix 1, 1753 Matran &#8211; Metzgerei Nicolas Bertschy, Neustadtgasse 25, 1700 Fribourg [&hellip;]<\/p>\n","protected":false},"author":1,"featured_media":0,"parent":0,"menu_order":0,"comment_status":"closed","ping_status":"open","template":"","meta":{"pagelayer_contact_templates":[],"_pagelayer_content":"","wprm-recipe-roundup-name":"","wprm-recipe-roundup-description":"","footnotes":""},"class_list":["post-1172","page","type-page","status-publish","hentry"],"_links":{"self":[{"href":"https:\/\/www.terralamprat.ch\/fr\/wp-json\/wp\/v2\/pages\/1172","targetHints":{"allow":["GET"]}}],"collection":[{"href":"https:\/\/www.terralamprat.ch\/fr\/wp-json\/wp\/v2\/pages"}],"about":[{"href":"https:\/\/www.terralamprat.ch\/fr\/wp-json\/wp\/v2\/types\/page"}],"author":[{"embeddable":true,"href":"https:\/\/www.terralamprat.ch\/fr\/wp-json\/wp\/v2\/users\/1"}],"replies":[{"embeddable":true,"href":"https:\/\/www.terralamprat.ch\/fr\/wp-json\/wp\/v2\/comments?post=1172"}],"version-history":[{"count":3,"href":"https:\/\/www.terralamprat.ch\/fr\/wp-json\/wp\/v2\/pages\/1172\/revisions"}],"predecessor-version":[{"id":1485,"href":"https:\/\/www.terralamprat.ch\/fr\/wp-json\/wp\/v2\/pages\/1172\/revisions\/1485"}],"wp:attachment":[{"href":"https:\/\/www.terralamprat.ch\/fr\/wp-json\/wp\/v2\/media?parent=1172"}],"curies":[{"name":"wp","href":"https:\/\/api.w.org\/{rel}","templated":true}]}}