{"id":1155,"date":"2021-07-15T10:43:07","date_gmt":"2021-07-15T08:43:07","guid":{"rendered":"https:\/\/www.terralamprat.ch\/meteorologue-mario-slongo-huile-de-colza-terralamprat\/"},"modified":"2021-09-22T13:50:23","modified_gmt":"2021-09-22T11:50:23","slug":"meteorologue-mario-slongo-huile-de-colza-terralamprat","status":"publish","type":"page","link":"https:\/\/www.terralamprat.ch\/fr\/meteorologue-mario-slongo-huile-de-colza-terralamprat\/","title":{"rendered":"M\u00e9t\u00e9orologue Mario Slongo &#8211; Huile de colza TerraLamprat"},"content":{"rendered":"\n\n\n<h1 class=\"trashhand\"> L&rsquo;HUILE DE COLZA TERRA LAMPRAT EST UN PRODUIT ORIGINAL \u00ab\u00a0SP\u00c9CIAL SINGINE\u00a0\u00bb <\/h1>\n<h2>Mario Slongo, ancien chimiste et pr\u00e9sentateur m\u00e9t\u00e9o, invit\u00e9 de TerraLamprat<\/h2>\n\n\n\n\n\n<p><span style=\"color: rgb(127, 127, 127); font-family: Arial, Helvetica, sans-serif;\"><span style=\"line-height: 1.5;\">L&rsquo;huile de colza que vous obtenez de Terra Lamprat n&rsquo;a pas seulement une couleur jaune d&rsquo;or. Elle est pure et vaut de l&rsquo;or, surtout lorsqu&rsquo;il s&rsquo;agit de la sant\u00e9. La plante de colza est cultiv\u00e9e avec soin sur ses propres champs de Terra Lamprat \u00e0 Tavel et profite des nombreuses heures d&rsquo;ensoleillement de la singine et du climat pr\u00e9alpin. Les fleurs de colza dans les champs brillent d&rsquo;une couleur jaune vif stimulante et enchantent tout le paysage. Apr\u00e8s la floraison, l&rsquo;huile \u00e0 extraire se forme dans les graines des gousses de colza. Le pr\u00e9cieux terroir (sol) contribue \u00e0 ce que l&rsquo;huile contienne beaucoup d&rsquo;acides&nbsp; gras insatur\u00e9s. Parmi eux, l&rsquo;analyse chimique r\u00e9v\u00e8le les acides gras om\u00e9ga-3 et om\u00e9ga-6, qui sont vitaux pour notre sant\u00e9. La teneur extr\u00eamement \u00e9lev\u00e9e en vitamine E naturelle de cette huile est particuli\u00e8rement surprenante. Elle emp\u00eache l&rsquo;huile de s&rsquo;oxyder rapidement (c&rsquo;est-\u00e0-dire de vieillir) et lui donne une longue dur\u00e9e de conservation. Dans le corps humain, la vitamine E est une vitamine liposoluble qui prot\u00e8ge les cellules des attaques radicalaires, des radicaux qui sont produits, par exemple, par des parties de la lumi\u00e8re directe du soleil. C&rsquo;est l&rsquo;une des vitamines les plus importantes, que nous absorbons sans additifs artificiels, directement avec cette huile de colza. Cependant, de nombreux sels min\u00e9raux passent \u00e9galement du sol dans les gousses de colza ol\u00e9agineuses et donc dans l&rsquo;huile press\u00e9e \u00e0 froid, le produit final.<\/span><\/span><\/p>\n\n\n\n\n\n\n\n","protected":false},"excerpt":{"rendered":"","protected":false},"author":1,"featured_media":0,"parent":0,"menu_order":0,"comment_status":"closed","ping_status":"closed","template":"","meta":{"pagelayer_contact_templates":[],"_pagelayer_content":"","wprm-recipe-roundup-name":"","wprm-recipe-roundup-description":"","footnotes":""},"class_list":["post-1155","page","type-page","status-publish","hentry"],"_links":{"self":[{"href":"https:\/\/www.terralamprat.ch\/fr\/wp-json\/wp\/v2\/pages\/1155","targetHints":{"allow":["GET"]}}],"collection":[{"href":"https:\/\/www.terralamprat.ch\/fr\/wp-json\/wp\/v2\/pages"}],"about":[{"href":"https:\/\/www.terralamprat.ch\/fr\/wp-json\/wp\/v2\/types\/page"}],"author":[{"embeddable":true,"href":"https:\/\/www.terralamprat.ch\/fr\/wp-json\/wp\/v2\/users\/1"}],"replies":[{"embeddable":true,"href":"https:\/\/www.terralamprat.ch\/fr\/wp-json\/wp\/v2\/comments?post=1155"}],"version-history":[{"count":5,"href":"https:\/\/www.terralamprat.ch\/fr\/wp-json\/wp\/v2\/pages\/1155\/revisions"}],"predecessor-version":[{"id":1277,"href":"https:\/\/www.terralamprat.ch\/fr\/wp-json\/wp\/v2\/pages\/1155\/revisions\/1277"}],"wp:attachment":[{"href":"https:\/\/www.terralamprat.ch\/fr\/wp-json\/wp\/v2\/media?parent=1155"}],"curies":[{"name":"wp","href":"https:\/\/api.w.org\/{rel}","templated":true}]}}