{"id":1085,"date":"2021-07-12T11:33:30","date_gmt":"2021-07-12T09:33:30","guid":{"rendered":"https:\/\/www.terralamprat.ch\/contact\/"},"modified":"2022-01-19T11:23:31","modified_gmt":"2022-01-19T10:23:31","slug":"contact","status":"publish","type":"page","link":"https:\/\/www.terralamprat.ch\/fr\/contact\/","title":{"rendered":"CONTACT"},"content":{"rendered":"\n\n\n<h1 class=\"trashhand\">Contact<\/h1>\n\n\n\n\n\nAvons-nous suscit\u00e9 ton int\u00e9r\u00eat?\n\n<p style=\"font-size: 15px; line-height: 1.5; text-align: center; color: #5d5d5d;\"><span style=\"font-family: Arial, Helvetica, sans-serif;\"><span style=\"font-size: 16px;\">Pour toute question, n&rsquo;h\u00e9site pas \u00e0 me contacter par le biais du formulaire de contact ou par t\u00e9l\u00e9phone au +41 79 230 51 52.<\/span><\/span><\/p>\n\n\n\n\n\n\n\n\n\n\nTerralamprat, Lamprat 6, 1712 Tavel\n\n\n\n\n\n\n\n\n\n\n\n\n\n\n\n\n","protected":false},"excerpt":{"rendered":"","protected":false},"author":1,"featured_media":0,"parent":0,"menu_order":0,"comment_status":"closed","ping_status":"closed","template":"","meta":{"pagelayer_contact_templates":[],"_pagelayer_content":"","wprm-recipe-roundup-name":"","wprm-recipe-roundup-description":"","footnotes":""},"class_list":["post-1085","page","type-page","status-publish","hentry"],"_links":{"self":[{"href":"https:\/\/www.terralamprat.ch\/fr\/wp-json\/wp\/v2\/pages\/1085","targetHints":{"allow":["GET"]}}],"collection":[{"href":"https:\/\/www.terralamprat.ch\/fr\/wp-json\/wp\/v2\/pages"}],"about":[{"href":"https:\/\/www.terralamprat.ch\/fr\/wp-json\/wp\/v2\/types\/page"}],"author":[{"embeddable":true,"href":"https:\/\/www.terralamprat.ch\/fr\/wp-json\/wp\/v2\/users\/1"}],"replies":[{"embeddable":true,"href":"https:\/\/www.terralamprat.ch\/fr\/wp-json\/wp\/v2\/comments?post=1085"}],"version-history":[{"count":22,"href":"https:\/\/www.terralamprat.ch\/fr\/wp-json\/wp\/v2\/pages\/1085\/revisions"}],"predecessor-version":[{"id":1392,"href":"https:\/\/www.terralamprat.ch\/fr\/wp-json\/wp\/v2\/pages\/1085\/revisions\/1392"}],"wp:attachment":[{"href":"https:\/\/www.terralamprat.ch\/fr\/wp-json\/wp\/v2\/media?parent=1085"}],"curies":[{"name":"wp","href":"https:\/\/api.w.org\/{rel}","templated":true}]}}